{"id":2931,"date":"2026-03-23T17:34:18","date_gmt":"2026-03-23T17:34:18","guid":{"rendered":"https:\/\/laurielle.net\/?page_id=2931"},"modified":"2026-03-23T17:39:17","modified_gmt":"2026-03-23T17:39:17","slug":"pizza-goblin","status":"publish","type":"page","link":"https:\/\/laurielle.net\/en\/pizza-goblin\/","title":{"rendered":"Pizza Goblin"},"content":{"rendered":"<div class=\"wp-block-image\">\n<figure class=\"alignleft size-full is-resized\"><img loading=\"lazy\" decoding=\"async\" width=\"520\" height=\"690\" src=\"https:\/\/laurielle.net\/wp-content\/uploads\/2025\/12\/0000-Pizza-Goblin-comic-laurielle-moran-c.jpg\" alt=\"Portada del c\u00f3mic-juego Pizza Goblin, de Laurielle y Mor\u00e1n\" class=\"wp-image-2762\" style=\"width:255px;height:auto\" srcset=\"https:\/\/laurielle.net\/wp-content\/uploads\/2025\/12\/0000-Pizza-Goblin-comic-laurielle-moran-c.jpg 520w, https:\/\/laurielle.net\/wp-content\/uploads\/2025\/12\/0000-Pizza-Goblin-comic-laurielle-moran-c-226x300.jpg 226w\" sizes=\"auto, (max-width: 520px) 100vw, 520px\" \/><\/figure>\n<\/div>\n\n\n<p><em><strong>Un c\u00f3mic de mazmorreo y aventuras que nos adentra en un reino subterr\u00e1neo lleno de catacumbas, pasillos oscuros y cavernas con extra\u00f1as criaturas donde t\u00fa decides c\u00f3mo avanza la historia.<\/strong><\/em><\/p>\n\n\n\n<p><em>En lo m\u00e1s profundo de la mazmorra reside el cinco veces inmortal Antiduque Inf\u00e9mur, un legendario villano que todo aventurero que se precie ha intentado derrotar.<\/em><\/p>\n\n\n\n<p><em>Ayuda a nuestra goblin (acompa\u00f1ada de su rata vidente) a llegar hasta \u00e9l atravesando los peligros del Reino Inverso: insectos can\u00edbales, gigantes muertos, tiburones con patas, aventureros sin escr\u00fapulos, trampas y un mont\u00f3n de molestas profec\u00edas.<\/em><\/p>\n\n\n\n<p><em>\u00a1Las decisiones las tomas t\u00fa! Avanza por los pasillos de la mazmorra buscando el camino correcto para alcanzar la Antifortaleza y cumplir una importante misi\u00f3n:&nbsp;<strong>entregar una pizza<\/strong>.<\/em><\/p>\n\n\n\n<p>Pizza Goblin es una aventura <strong>dibujada por Laurielle con guion de Sergio S. Mor\u00e1n.&nbsp;<\/strong><\/p>\n\n\n\n<p>#comic #comicjuego #fant\u00e1stico #humor #goblin #pizza<\/p>\n\n\n\n<h2 class=\"wp-block-heading\">Lee las primeras p\u00e1ginas<\/h2>\n\n\n\n<p>Est\u00e1n disponibles <a href=\"https:\/\/www.grafitoeditorial.com\/producto\/pizza-goblin\/\">en la web de Grafito Editorial. <\/a><\/p>\n\n\n\n<h2 class=\"wp-block-heading\">Mira el tr\u00e1iler<\/h2>\n\n\n\n<figure class=\"wp-block-embed is-type-video is-provider-youtube wp-block-embed-youtube wp-embed-aspect-16-9 wp-has-aspect-ratio\"><div class=\"wp-block-embed__wrapper\">\n<iframe loading=\"lazy\" title=\"PIZZA GOBLIN. Un c\u00f3mic juego de Laurielle y Mor\u00e1n\" width=\"525\" height=\"295\" src=\"https:\/\/www.youtube.com\/embed\/AZubuRsUKSg?feature=oembed\" frameborder=\"0\" allow=\"accelerometer; autoplay; clipboard-write; encrypted-media; gyroscope; picture-in-picture; web-share\" referrerpolicy=\"strict-origin-when-cross-origin\" allowfullscreen><\/iframe>\n<\/div><\/figure>\n\n\n\n<h2 class=\"wp-block-heading\">D\u00f3nde conseguirlo<\/h2>\n\n\n\n<ul class=\"wp-block-list\">\n<li><a href=\"https:\/\/www.grafitoeditorial.com\/producto\/pizza-goblin\/\">Disponible en la tienda de la editorial<\/a><\/li>\n\n\n\n<li>Distribuido a librer\u00edas <\/li>\n<\/ul>\n\n\n\n<h2 class=\"wp-block-heading\">Ficha t\u00e9cnica<\/h2>\n\n\n\n<figure class=\"wp-block-table\"><table class=\"has-fixed-layout\"><tbody><tr><td><strong>Editorial: <\/strong>Grafito Editorial<br><strong>Guion: <\/strong>Sergio S. Mor\u00e1n<br>D<strong>ibujo y rotulaci\u00f3n: <\/strong>Laurielle <br><strong>Edici\u00f3n y revisi\u00f3n: <\/strong>Grafito Editorial<\/td><td>Edici\u00f3n: r\u00fastica con solapas<br>ISBN: 978-84-129924-5-8<br>PVP: 18\u20ac<br>Fecha de publicaci\u00f3n: 15\/01\/2026<br>N\u00famero de p\u00e1ginas: 112<br>Dimensiones: 170x240cm<br>Peso: 300grs<\/td><\/tr><\/tbody><\/table><\/figure>\n\n\n\n<h2 class=\"wp-block-heading\">Contenido extra<\/h2>\n\n\n\n<ul class=\"wp-block-list\">\n<li><a href=\"https:\/\/laurielle.net\/category\/comics\/pizza-goblin\/\" data-type=\"link\" data-id=\"https:\/\/laurielle.net\/category\/comics\/pizza-goblin\/\">Posts sobre este c\u00f3mic en mi blog<\/a><\/li>\n<\/ul>\n","protected":false},"excerpt":{"rendered":"<p>Un c\u00f3mic de mazmorreo y aventuras que nos adentra en un reino subterr\u00e1neo lleno de catacumbas, pasillos oscuros y cavernas con extra\u00f1as criaturas donde t\u00fa decides c\u00f3mo avanza la historia. En lo m\u00e1s profundo de la mazmorra reside el cinco veces inmortal Antiduque Inf\u00e9mur, un legendario villano que todo aventurero que se precie ha intentado &hellip; <\/p>\n<p class=\"link-more\"><a href=\"https:\/\/laurielle.net\/en\/pizza-goblin\/\" class=\"more-link\">Continue reading<span class=\"screen-reader-text\"> &#8220;Pizza Goblin&#8221;<\/span><\/a><\/p>\n","protected":false},"author":1,"featured_media":0,"parent":0,"menu_order":0,"comment_status":"closed","ping_status":"closed","template":"","meta":{"footnotes":""},"class_list":["post-2931","page","type-page","status-publish","hentry"],"translation":{"provider":"WPGlobus","version":"3.0.2","language":"en","enabled_languages":["es","en"],"languages":{"es":{"title":true,"content":true,"excerpt":false},"en":{"title":false,"content":false,"excerpt":false}}},"_links":{"self":[{"href":"https:\/\/laurielle.net\/en\/wp-json\/wp\/v2\/pages\/2931","targetHints":{"allow":["GET"]}}],"collection":[{"href":"https:\/\/laurielle.net\/en\/wp-json\/wp\/v2\/pages"}],"about":[{"href":"https:\/\/laurielle.net\/en\/wp-json\/wp\/v2\/types\/page"}],"author":[{"embeddable":true,"href":"https:\/\/laurielle.net\/en\/wp-json\/wp\/v2\/users\/1"}],"replies":[{"embeddable":true,"href":"https:\/\/laurielle.net\/en\/wp-json\/wp\/v2\/comments?post=2931"}],"version-history":[{"count":4,"href":"https:\/\/laurielle.net\/en\/wp-json\/wp\/v2\/pages\/2931\/revisions"}],"predecessor-version":[{"id":2945,"href":"https:\/\/laurielle.net\/en\/wp-json\/wp\/v2\/pages\/2931\/revisions\/2945"}],"wp:attachment":[{"href":"https:\/\/laurielle.net\/en\/wp-json\/wp\/v2\/media?parent=2931"}],"curies":[{"name":"wp","href":"https:\/\/api.w.org\/{rel}","templated":true}]}}