{"id":2479,"date":"2025-05-21T10:06:28","date_gmt":"2025-05-21T10:06:28","guid":{"rendered":"https:\/\/laurielle.net\/?page_id=2479"},"modified":"2026-03-23T17:37:32","modified_gmt":"2026-03-23T17:37:32","slug":"la-mala-del-cuento","status":"publish","type":"page","link":"https:\/\/laurielle.net\/en\/la-mala-del-cuento\/","title":{"rendered":"La mala del cuento"},"content":{"rendered":"<h6><img loading=\"lazy\" decoding=\"async\" class=\"wp-image-2481 alignleft\" src=\"https:\/\/laurielle.net\/wp-content\/uploads\/2025\/05\/Portada_La-mala-del-cuento_baja-712x1024.jpg\" alt=\"Portada del c\u00f3mic La mala del cuento\" width=\"306\" height=\"440\" srcset=\"https:\/\/laurielle.net\/wp-content\/uploads\/2025\/05\/Portada_La-mala-del-cuento_baja-712x1024.jpg 712w, https:\/\/laurielle.net\/wp-content\/uploads\/2025\/05\/Portada_La-mala-del-cuento_baja-209x300.jpg 209w, https:\/\/laurielle.net\/wp-content\/uploads\/2025\/05\/Portada_La-mala-del-cuento_baja-768x1105.jpg 768w, https:\/\/laurielle.net\/wp-content\/uploads\/2025\/05\/Portada_La-mala-del-cuento_baja-1068x1536.jpg 1068w, https:\/\/laurielle.net\/wp-content\/uploads\/2025\/05\/Portada_La-mala-del-cuento_baja-1424x2048.jpg 1424w, https:\/\/laurielle.net\/wp-content\/uploads\/2025\/05\/Portada_La-mala-del-cuento_baja.jpg 1500w\" sizes=\"auto, (max-width: 306px) 100vw, 306px\" \/><em>Se acab\u00f3 la tonter\u00eda: las malas de cuento van a juicio para que den su versi\u00f3n de la historia.\u00a0 \u00bfFue leg\u00edtima defensa lo de Hansel y Gretel? \u00bfEs la bruja del mar la comercial m\u00e1s chunga de la historia? \u00bfPor qu\u00e9 pu\u00f1eta envenenar una manzana, con la de cosas que se podr\u00edan envenenar?<\/em><\/h6>\n<p>A trav\u00e9s de textos, vi\u00f1etas e\u00a0ilustraciones a tinta y acuarela revisaremos cuentos populares -y no tan populares- y veremos qu\u00e9 hacen las brujas en los pasillos de los juzgados, qui\u00e9n es inocente y qui\u00e9n deber\u00eda estar entre rejas.<\/p>\n<p>Desde historias conocidas como la de Blancanieves o Cenicienta a cosas menos populares, como La hija del visir o La bella Ibronka, vamos mala por mala desmontando coartadas y juzgando sin parar.<\/p>\n<p>Las notas del caso y res\u00famenes de los cuentos se intercalan con p\u00e1ginas de c\u00f3mic e ilustraciones de las acusadas, hechas a tinta, acuarela y plumilla.<\/p>\n<p>#comic #artbook #cuentos #humor #fantas\u00eda<\/p>\n<h2>Lee un trozo<\/h2>\n<div id='gallery-1' class='gallery galleryid-2479 gallery-columns-2 gallery-size-large'><figure class='gallery-item'>\n\t\t\t<div class='gallery-icon portrait'>\n\t\t\t\t<a href='https:\/\/laurielle.net\/wp-content\/uploads\/2025\/05\/La-mala-del-cuento_pagejemplo1_baja.jpg'><img loading=\"lazy\" decoding=\"async\" width=\"525\" height=\"735\" src=\"https:\/\/laurielle.net\/wp-content\/uploads\/2025\/05\/La-mala-del-cuento_pagejemplo1_baja-731x1024.jpg\" class=\"attachment-large size-large\" alt=\"P\u00e1gina de c\u00f3mic de la mala del cuento donde la Bestia entra en los juzgados y pregunta direcciones a Baba Yaga y a la bruja de la casita de caramelo\" aria-describedby=\"gallery-1-2483\" srcset=\"https:\/\/laurielle.net\/wp-content\/uploads\/2025\/05\/La-mala-del-cuento_pagejemplo1_baja-731x1024.jpg 731w, https:\/\/laurielle.net\/wp-content\/uploads\/2025\/05\/La-mala-del-cuento_pagejemplo1_baja-214x300.jpg 214w, https:\/\/laurielle.net\/wp-content\/uploads\/2025\/05\/La-mala-del-cuento_pagejemplo1_baja-768x1075.jpg 768w, https:\/\/laurielle.net\/wp-content\/uploads\/2025\/05\/La-mala-del-cuento_pagejemplo1_baja-1097x1536.jpg 1097w, https:\/\/laurielle.net\/wp-content\/uploads\/2025\/05\/La-mala-del-cuento_pagejemplo1_baja-1463x2048.jpg 1463w, https:\/\/laurielle.net\/wp-content\/uploads\/2025\/05\/La-mala-del-cuento_pagejemplo1_baja.jpg 1500w\" sizes=\"auto, 100vw\" \/><\/a>\n\t\t\t<\/div>\n\t\t\t\t<figcaption class='wp-caption-text gallery-caption' id='gallery-1-2483'>\n\t\t\t\tLMDC P\u00e1gina 1\n\t\t\t\t<\/figcaption><\/figure><figure class='gallery-item'>\n\t\t\t<div class='gallery-icon portrait'>\n\t\t\t\t<a href='https:\/\/laurielle.net\/wp-content\/uploads\/2025\/05\/La-mala-del-cuento_pagejemplo2_baja.jpg'><img loading=\"lazy\" decoding=\"async\" width=\"525\" height=\"735\" src=\"https:\/\/laurielle.net\/wp-content\/uploads\/2025\/05\/La-mala-del-cuento_pagejemplo2_baja-731x1024.jpg\" class=\"attachment-large size-large\" alt=\"P\u00e1gina de c\u00f3mic de La mala del cuento en la que las brujas no son de ayuda, pese a ser veteranas de los juzgados\" aria-describedby=\"gallery-1-2484\" srcset=\"https:\/\/laurielle.net\/wp-content\/uploads\/2025\/05\/La-mala-del-cuento_pagejemplo2_baja-731x1024.jpg 731w, https:\/\/laurielle.net\/wp-content\/uploads\/2025\/05\/La-mala-del-cuento_pagejemplo2_baja-214x300.jpg 214w, https:\/\/laurielle.net\/wp-content\/uploads\/2025\/05\/La-mala-del-cuento_pagejemplo2_baja-768x1075.jpg 768w, https:\/\/laurielle.net\/wp-content\/uploads\/2025\/05\/La-mala-del-cuento_pagejemplo2_baja-1097x1536.jpg 1097w, https:\/\/laurielle.net\/wp-content\/uploads\/2025\/05\/La-mala-del-cuento_pagejemplo2_baja-1463x2048.jpg 1463w, https:\/\/laurielle.net\/wp-content\/uploads\/2025\/05\/La-mala-del-cuento_pagejemplo2_baja.jpg 1500w\" sizes=\"auto, 100vw\" \/><\/a>\n\t\t\t<\/div>\n\t\t\t\t<figcaption class='wp-caption-text gallery-caption' id='gallery-1-2484'>\n\t\t\t\tLMDC P\u00e1gina 2\n\t\t\t\t<\/figcaption><\/figure><figure class='gallery-item'>\n\t\t\t<div class='gallery-icon portrait'>\n\t\t\t\t<a href='https:\/\/laurielle.net\/wp-content\/uploads\/2025\/05\/La-mala-del-cuento_pagejemplo3_baja.jpg'><img loading=\"lazy\" decoding=\"async\" width=\"525\" height=\"735\" src=\"https:\/\/laurielle.net\/wp-content\/uploads\/2025\/05\/La-mala-del-cuento_pagejemplo3_baja-731x1024.jpg\" class=\"attachment-large size-large\" alt=\"Resumen del cuento Al este del sol, al oeste de la luna, con vi\u00f1etas de la convivencia con el pr\u00edncipe y veredicto de inocencia para la mala\" aria-describedby=\"gallery-1-2485\" srcset=\"https:\/\/laurielle.net\/wp-content\/uploads\/2025\/05\/La-mala-del-cuento_pagejemplo3_baja-731x1024.jpg 731w, https:\/\/laurielle.net\/wp-content\/uploads\/2025\/05\/La-mala-del-cuento_pagejemplo3_baja-214x300.jpg 214w, https:\/\/laurielle.net\/wp-content\/uploads\/2025\/05\/La-mala-del-cuento_pagejemplo3_baja-768x1075.jpg 768w, https:\/\/laurielle.net\/wp-content\/uploads\/2025\/05\/La-mala-del-cuento_pagejemplo3_baja-1097x1536.jpg 1097w, https:\/\/laurielle.net\/wp-content\/uploads\/2025\/05\/La-mala-del-cuento_pagejemplo3_baja-1463x2048.jpg 1463w, https:\/\/laurielle.net\/wp-content\/uploads\/2025\/05\/La-mala-del-cuento_pagejemplo3_baja.jpg 1500w\" sizes=\"auto, 100vw\" \/><\/a>\n\t\t\t<\/div>\n\t\t\t\t<figcaption class='wp-caption-text gallery-caption' id='gallery-1-2485'>\n\t\t\t\tLMDC P\u00e1gina 3\n\t\t\t\t<\/figcaption><\/figure><figure class='gallery-item'>\n\t\t\t<div class='gallery-icon portrait'>\n\t\t\t\t<a href='https:\/\/laurielle.net\/wp-content\/uploads\/2025\/05\/La-mala-del-cuento_pagejemplo4_baja.jpg'><img loading=\"lazy\" decoding=\"async\" width=\"525\" height=\"735\" src=\"https:\/\/laurielle.net\/wp-content\/uploads\/2025\/05\/La-mala-del-cuento_pagejemplo4_baja-731x1024.jpg\" class=\"attachment-large size-large\" alt=\"Ilustraci\u00f3n de la mala del cuento Al este del sol, al oeste de la luna\" srcset=\"https:\/\/laurielle.net\/wp-content\/uploads\/2025\/05\/La-mala-del-cuento_pagejemplo4_baja-731x1024.jpg 731w, https:\/\/laurielle.net\/wp-content\/uploads\/2025\/05\/La-mala-del-cuento_pagejemplo4_baja-214x300.jpg 214w, https:\/\/laurielle.net\/wp-content\/uploads\/2025\/05\/La-mala-del-cuento_pagejemplo4_baja-768x1075.jpg 768w, https:\/\/laurielle.net\/wp-content\/uploads\/2025\/05\/La-mala-del-cuento_pagejemplo4_baja-1097x1536.jpg 1097w, https:\/\/laurielle.net\/wp-content\/uploads\/2025\/05\/La-mala-del-cuento_pagejemplo4_baja-1463x2048.jpg 1463w, https:\/\/laurielle.net\/wp-content\/uploads\/2025\/05\/La-mala-del-cuento_pagejemplo4_baja.jpg 1500w\" sizes=\"auto, 100vw\" \/><\/a>\n\t\t\t<\/div><\/figure>\n\t\t<\/div>\n\n<h2>D\u00f3nde conseguirlo<\/h2>\n<ul>\n<li><a href=\"https:\/\/laurielleando.itch.io\/\">Disponible en ebook en itchio<\/a><\/li>\n<li><a href=\"https:\/\/laurielle.bigcartel.com\/\">Disponible en f\u00edsico en la tienda de Laurielle<\/a><\/li>\n<li><a href=\"https:\/\/pegasodistribucion.com\/catalogo\/index.php?seccion=publicacion&amp;id=90\">Distribuido a librer\u00edas por Pegaso Distribuci\u00f3n (ver librer\u00edas)<\/a><\/li>\n<\/ul>\n<h2>Ficha t\u00e9cnica<\/h2>\n<table class=\"wp-block-table\">\n<tbody>\n<tr>\n<td><strong>Autora, editora y maquetadora: Laurielle<\/strong><\/p>\n<p>Revisores: A. Bastida, P. Doporto Gasull, M. \u00c1lvarez-Casariego.<\/p>\n<p>Consultor\u00eda en el dise\u00f1o de t\u00edtulo: R. Solas<\/p>\n<p><a href=\"https:\/\/www.verkami.com\/projects\/37906-un-mes-en-villacolmillo\/\"><img loading=\"lazy\" decoding=\"async\" class=\"aligncenter wp-image-2418\" src=\"https:\/\/laurielle.net\/wp-content\/uploads\/2025\/04\/ESPANOL_crowdfundeado_verkami-BN-Positivo.jpg\" alt=\"Sello que indica que el proyecto fue posible gracias a una campa\u00f1a de Verkami\" width=\"111\" height=\"96\" srcset=\"https:\/\/laurielle.net\/wp-content\/uploads\/2025\/04\/ESPANOL_crowdfundeado_verkami-BN-Positivo.jpg 400w, https:\/\/laurielle.net\/wp-content\/uploads\/2025\/04\/ESPANOL_crowdfundeado_verkami-BN-Positivo-300x260.jpg 300w\" sizes=\"auto, (max-width: 111px) 100vw, 111px\" \/><\/a><\/td>\n<td>\n<div><\/div>\n<p>Edici\u00f3n: r\u00fastica con solapas, a color<\/p>\n<p>ISBN: 978-84-09-28072-8<\/p>\n<p>PVP: 4-12\u20ac<\/p>\n<p>Fecha de publicaci\u00f3n: 01\/04\/2021<\/p>\n<p>N\u00famero de p\u00e1ginas: 80<\/p>\n<p>Dimensiones: 150x210cm<\/p>\n<p>Peso: 300grs<\/td>\n<\/tr>\n<\/tbody>\n<\/table>\n<h2>Contenido extra<\/h2>\n<ul>\n<li><a href=\"https:\/\/laurielle.net\/category\/comics\/un-mes-en-villacolmillo\/\">Posts sobre este c\u00f3mic en mi blog<\/a><\/li>\n<li><a href=\"https:\/\/laurielleando.itch.io\/colorin-colorado-coloreable-la-mala-del-cuento\">Coloreable digital de las malas (con ilustraciones in\u00e9ditas)<\/a><\/li>\n<li><a href=\"https:\/\/www.youtube.com\/watch?v=nZX1bwjKPYA&amp;list=PLTz9t2VyOETfY2vpufrhl8XfUrtLBMJH2\">Algunos de los cuentos del libro, contados por m\u00ed<\/a><\/li>\n<li>Tambi\u00e9n est\u00e1 disponible el libro de bocetos en descarga gratuita:<\/li>\n<\/ul>\n<p><iframe loading=\"lazy\" src=\"https:\/\/itch.io\/embed\/1387516\" width=\"552\" height=\"167\" frameborder=\"0\"><a href=\"https:\/\/laurielleando.itch.io\/la-mala-del-cuento-sketchbook\">La mala del cuento: Libro de bocetos by Laurielle<\/a><\/iframe><\/p>\n","protected":false},"excerpt":{"rendered":"<p>Se acab\u00f3 la tonter\u00eda: las malas de cuento van a juicio para que den su versi\u00f3n de la historia.\u00a0 \u00bfFue leg\u00edtima defensa lo de Hansel y Gretel? \u00bfEs la bruja del mar la comercial m\u00e1s chunga de la historia? \u00bfPor qu\u00e9 pu\u00f1eta envenenar una manzana, con la de cosas que se podr\u00edan envenenar? A trav\u00e9s &hellip; <\/p>\n<p class=\"link-more\"><a href=\"https:\/\/laurielle.net\/en\/la-mala-del-cuento\/\" class=\"more-link\">Continue reading<span class=\"screen-reader-text\"> &#8220;La mala del cuento&#8221;<\/span><\/a><\/p>\n","protected":false},"author":1,"featured_media":0,"parent":0,"menu_order":0,"comment_status":"closed","ping_status":"closed","template":"","meta":{"footnotes":""},"class_list":["post-2479","page","type-page","status-publish","hentry"],"translation":{"provider":"WPGlobus","version":"3.0.2","language":"en","enabled_languages":["es","en"],"languages":{"es":{"title":true,"content":true,"excerpt":false},"en":{"title":false,"content":false,"excerpt":false}}},"_links":{"self":[{"href":"https:\/\/laurielle.net\/en\/wp-json\/wp\/v2\/pages\/2479","targetHints":{"allow":["GET"]}}],"collection":[{"href":"https:\/\/laurielle.net\/en\/wp-json\/wp\/v2\/pages"}],"about":[{"href":"https:\/\/laurielle.net\/en\/wp-json\/wp\/v2\/types\/page"}],"author":[{"embeddable":true,"href":"https:\/\/laurielle.net\/en\/wp-json\/wp\/v2\/users\/1"}],"replies":[{"embeddable":true,"href":"https:\/\/laurielle.net\/en\/wp-json\/wp\/v2\/comments?post=2479"}],"version-history":[{"count":6,"href":"https:\/\/laurielle.net\/en\/wp-json\/wp\/v2\/pages\/2479\/revisions"}],"predecessor-version":[{"id":2943,"href":"https:\/\/laurielle.net\/en\/wp-json\/wp\/v2\/pages\/2479\/revisions\/2943"}],"wp:attachment":[{"href":"https:\/\/laurielle.net\/en\/wp-json\/wp\/v2\/media?parent=2479"}],"curies":[{"name":"wp","href":"https:\/\/api.w.org\/{rel}","templated":true}]}}