{"id":2463,"date":"2025-05-21T09:15:58","date_gmt":"2025-05-21T09:15:58","guid":{"rendered":"https:\/\/laurielle.net\/?page_id=2463"},"modified":"2026-03-23T17:37:12","modified_gmt":"2026-03-23T17:37:12","slug":"asalto-al-castillo","status":"publish","type":"page","link":"https:\/\/laurielle.net\/en\/asalto-al-castillo\/","title":{"rendered":"Asalto al castillo"},"content":{"rendered":"<h6><em><img loading=\"lazy\" decoding=\"async\" class=\" wp-image-939 alignleft\" src=\"https:\/\/laurielle.net\/wp-content\/uploads\/2022\/09\/Portada_baja-732x1024.jpg\" alt=\"Portada de Asalto al Castillo.\" width=\"303\" height=\"424\" srcset=\"https:\/\/laurielle.net\/wp-content\/uploads\/2022\/09\/Portada_baja-732x1024.jpg 732w, https:\/\/laurielle.net\/wp-content\/uploads\/2022\/09\/Portada_baja-214x300.jpg 214w, https:\/\/laurielle.net\/wp-content\/uploads\/2022\/09\/Portada_baja-768x1075.jpg 768w, https:\/\/laurielle.net\/wp-content\/uploads\/2022\/09\/Portada_baja.jpg 1286w\" sizes=\"auto, (max-width: 303px) 100vw, 303px\" \/>Un pr\u00edncipe demonio ha conquistado el castillo local. Eso es un im\u00e1n para aventureros, que buscan fama, fortuna&#8230; o, en el caso de Brutaka, la gnoma b\u00e1rbara, un libro para regalarle a su novia.<\/em><\/h6>\n<p>Una aventura autoconclusiva donde seguiremos a un grupo de aventureros que intentan echarse una mano mutuamente con sus misiones: rescatar a una hipot\u00e9tica princesa, encontrar a una mascota perdida, reencontrarse con sus amigos&#8230; o lo del libro, lo del libro es importante.<\/p>\n<p>El c\u00f3mic es un homenaje a las cl\u00e1sicas partidas de rol que empiezan en la taberna y acaban contra el jefe de la mazmorra, y est\u00e1 inspirado en <a href=\"https:\/\/laurielle.net\/en\/2021\/11\/30\/asalto-al-castillo-a-color-y-se-viene-verkami\/\">una ilustraci\u00f3n colaborativa hecha a golpe de encuestas<\/a>.<\/p>\n<p>#comic #dnd #fant\u00e1stico #humor #aventuras<\/p>\n<h2>Lee un trozo<\/h2>\n<div id='gallery-1' class='gallery galleryid-2463 gallery-columns-2 gallery-size-large'><figure class='gallery-item'>\n\t\t\t<div class='gallery-icon portrait'>\n\t\t\t\t<a href='https:\/\/laurielle.net\/wp-content\/uploads\/2025\/05\/Asalto-al-Castillo1_baja.jpg'><img loading=\"lazy\" decoding=\"async\" width=\"525\" height=\"726\" src=\"https:\/\/laurielle.net\/wp-content\/uploads\/2025\/05\/Asalto-al-Castillo1_baja-740x1024.jpg\" class=\"attachment-large size-large\" alt=\"\" aria-describedby=\"gallery-1-2465\" srcset=\"https:\/\/laurielle.net\/wp-content\/uploads\/2025\/05\/Asalto-al-Castillo1_baja-740x1024.jpg 740w, https:\/\/laurielle.net\/wp-content\/uploads\/2025\/05\/Asalto-al-Castillo1_baja-217x300.jpg 217w, https:\/\/laurielle.net\/wp-content\/uploads\/2025\/05\/Asalto-al-Castillo1_baja-768x1063.jpg 768w, https:\/\/laurielle.net\/wp-content\/uploads\/2025\/05\/Asalto-al-Castillo1_baja-1109x1536.jpg 1109w, https:\/\/laurielle.net\/wp-content\/uploads\/2025\/05\/Asalto-al-Castillo1_baja-1479x2048.jpg 1479w, https:\/\/laurielle.net\/wp-content\/uploads\/2025\/05\/Asalto-al-Castillo1_baja.jpg 1500w\" sizes=\"auto, 100vw\" \/><\/a>\n\t\t\t<\/div>\n\t\t\t\t<figcaption class='wp-caption-text gallery-caption' id='gallery-1-2465'>\n\t\t\t\tAAC P\u00e1gina 1\n\t\t\t\t<\/figcaption><\/figure><figure class='gallery-item'>\n\t\t\t<div class='gallery-icon portrait'>\n\t\t\t\t<a href='https:\/\/laurielle.net\/wp-content\/uploads\/2025\/05\/Asalto-al-Castillo2_baja.jpg'><img loading=\"lazy\" decoding=\"async\" width=\"525\" height=\"726\" src=\"https:\/\/laurielle.net\/wp-content\/uploads\/2025\/05\/Asalto-al-Castillo2_baja-740x1024.jpg\" class=\"attachment-large size-large\" alt=\"Segunda p\u00e1gina del c\u00f3mic Asalto al Castillo en la que una maga grita en mitad de una taberna, abre un portal y se marcha sin pagar\" aria-describedby=\"gallery-1-2466\" srcset=\"https:\/\/laurielle.net\/wp-content\/uploads\/2025\/05\/Asalto-al-Castillo2_baja-740x1024.jpg 740w, https:\/\/laurielle.net\/wp-content\/uploads\/2025\/05\/Asalto-al-Castillo2_baja-217x300.jpg 217w, https:\/\/laurielle.net\/wp-content\/uploads\/2025\/05\/Asalto-al-Castillo2_baja-768x1063.jpg 768w, https:\/\/laurielle.net\/wp-content\/uploads\/2025\/05\/Asalto-al-Castillo2_baja-1109x1536.jpg 1109w, https:\/\/laurielle.net\/wp-content\/uploads\/2025\/05\/Asalto-al-Castillo2_baja-1479x2048.jpg 1479w, https:\/\/laurielle.net\/wp-content\/uploads\/2025\/05\/Asalto-al-Castillo2_baja.jpg 1500w\" sizes=\"auto, 100vw\" \/><\/a>\n\t\t\t<\/div>\n\t\t\t\t<figcaption class='wp-caption-text gallery-caption' id='gallery-1-2466'>\n\t\t\t\tAAC P\u00e1gina 2\n\t\t\t\t<\/figcaption><\/figure><figure class='gallery-item'>\n\t\t\t<div class='gallery-icon portrait'>\n\t\t\t\t<a href='https:\/\/laurielle.net\/wp-content\/uploads\/2025\/05\/Asalto-al-Castillo3_baja.jpg'><img loading=\"lazy\" decoding=\"async\" width=\"525\" height=\"726\" src=\"https:\/\/laurielle.net\/wp-content\/uploads\/2025\/05\/Asalto-al-Castillo3_baja-740x1024.jpg\" class=\"attachment-large size-large\" alt=\"P\u00e1gina 3 del c\u00f3mic Asalto al Castillo donde Amelia se presenta, y Brutaka explica que su nombre se escribe con K y que son novias\" aria-describedby=\"gallery-1-2467\" srcset=\"https:\/\/laurielle.net\/wp-content\/uploads\/2025\/05\/Asalto-al-Castillo3_baja-740x1024.jpg 740w, https:\/\/laurielle.net\/wp-content\/uploads\/2025\/05\/Asalto-al-Castillo3_baja-217x300.jpg 217w, https:\/\/laurielle.net\/wp-content\/uploads\/2025\/05\/Asalto-al-Castillo3_baja-768x1063.jpg 768w, https:\/\/laurielle.net\/wp-content\/uploads\/2025\/05\/Asalto-al-Castillo3_baja-1109x1536.jpg 1109w, https:\/\/laurielle.net\/wp-content\/uploads\/2025\/05\/Asalto-al-Castillo3_baja-1479x2048.jpg 1479w, https:\/\/laurielle.net\/wp-content\/uploads\/2025\/05\/Asalto-al-Castillo3_baja.jpg 1500w\" sizes=\"auto, 100vw\" \/><\/a>\n\t\t\t<\/div>\n\t\t\t\t<figcaption class='wp-caption-text gallery-caption' id='gallery-1-2467'>\n\t\t\t\tAAC P\u00e1gina 3\n\t\t\t\t<\/figcaption><\/figure><figure class='gallery-item'>\n\t\t\t<div class='gallery-icon portrait'>\n\t\t\t\t<a href='https:\/\/laurielle.net\/wp-content\/uploads\/2025\/05\/Asalto-al-Castillo4_baja.jpg'><img loading=\"lazy\" decoding=\"async\" width=\"525\" height=\"726\" src=\"https:\/\/laurielle.net\/wp-content\/uploads\/2025\/05\/Asalto-al-Castillo4_baja-740x1024.jpg\" class=\"attachment-large size-large\" alt=\"P\u00e1gina 4 del c\u00f3mic Asalto al Castillo, donde Amelia explica sus desventuras en el cementerio y c\u00f3mo perdieron a Fideo\" aria-describedby=\"gallery-1-2468\" srcset=\"https:\/\/laurielle.net\/wp-content\/uploads\/2025\/05\/Asalto-al-Castillo4_baja-740x1024.jpg 740w, https:\/\/laurielle.net\/wp-content\/uploads\/2025\/05\/Asalto-al-Castillo4_baja-217x300.jpg 217w, https:\/\/laurielle.net\/wp-content\/uploads\/2025\/05\/Asalto-al-Castillo4_baja-768x1063.jpg 768w, https:\/\/laurielle.net\/wp-content\/uploads\/2025\/05\/Asalto-al-Castillo4_baja-1109x1536.jpg 1109w, https:\/\/laurielle.net\/wp-content\/uploads\/2025\/05\/Asalto-al-Castillo4_baja-1479x2048.jpg 1479w, https:\/\/laurielle.net\/wp-content\/uploads\/2025\/05\/Asalto-al-Castillo4_baja.jpg 1500w\" sizes=\"auto, 100vw\" \/><\/a>\n\t\t\t<\/div>\n\t\t\t\t<figcaption class='wp-caption-text gallery-caption' id='gallery-1-2468'>\n\t\t\t\tAAC P\u00e1gina 4\n\t\t\t\t<\/figcaption><\/figure>\n\t\t<\/div>\n\n<h2>Premios y nominaciones<\/h2>\n<ul>\n<li><strong>Premio Ignotus 2023 a mejor tebeo nacional<\/strong><\/li>\n<\/ul>\n<h2>D\u00f3nde conseguirlo<\/h2>\n<ul>\n<li><a href=\"https:\/\/laurielleando.itch.io\/asalto-al-castillo\">Disponible en ebook en itchio<\/a><\/li>\n<li><a href=\"https:\/\/laurielle.bigcartel.com\/\">Disponible en f\u00edsico en la tienda de Laurielle<\/a><\/li>\n<li><a href=\"https:\/\/pegasodistribucion.com\/catalogo\/index.php?seccion=publicacion&amp;id=90\">Distribuido a librer\u00edas por Pegaso Distribuci\u00f3n (ver librer\u00edas)<\/a><\/li>\n<\/ul>\n<h2>Ficha t\u00e9cnica<\/h2>\n<table class=\"wp-block-table\">\n<tbody>\n<tr>\n<td><strong>Autora, editora y maquetadora: Laurielle<\/strong><\/p>\n<p>Revisores: A. Bastida, E. Selten, P. Doporto Gasull, M. \u00c1lvarez-Casariego, S. S. Mor\u00e1n<\/p>\n<p><a href=\"https:\/\/www.verkami.com\/projects\/37906-un-mes-en-villacolmillo\/\"><img loading=\"lazy\" decoding=\"async\" class=\"aligncenter wp-image-2418\" src=\"https:\/\/laurielle.net\/wp-content\/uploads\/2025\/04\/ESPANOL_crowdfundeado_verkami-BN-Positivo.jpg\" alt=\"Sello que indica que el proyecto fue posible gracias a una campa\u00f1a de Verkami\" width=\"111\" height=\"96\" srcset=\"https:\/\/laurielle.net\/wp-content\/uploads\/2025\/04\/ESPANOL_crowdfundeado_verkami-BN-Positivo.jpg 400w, https:\/\/laurielle.net\/wp-content\/uploads\/2025\/04\/ESPANOL_crowdfundeado_verkami-BN-Positivo-300x260.jpg 300w\" sizes=\"auto, (max-width: 111px) 100vw, 111px\" \/><\/a><\/td>\n<td>\n<div><\/div>\n<p>Edici\u00f3n: r\u00fastica con solapas<\/p>\n<p>ISBN: 978-84-09-44504-2<\/p>\n<p>PVP: 4-12\u20ac<\/p>\n<p>Fecha de publicaci\u00f3n: 15\/11\/2022<\/p>\n<p>N\u00famero de p\u00e1ginas: 80<\/p>\n<p>Dimensiones: 150x210cm<\/p>\n<p>Peso: 300grs<\/td>\n<\/tr>\n<\/tbody>\n<\/table>\n<h2>Contenido extra<\/h2>\n<ul>\n<li><a href=\"https:\/\/laurielle.net\/en\/category\/comics\/asalto-al-castillo\/\">Posts sobre este c\u00f3mic en mi blog<\/a><\/li>\n<li><a href=\"https:\/\/www.youtube.com\/watch?v=wdUgtE2TydE\">La ilustraci\u00f3n de la que sali\u00f3 todo\u00a0\u00a0<\/a><\/li>\n<li><a href=\"https:\/\/laurielle.bigcartel.com\/product\/asalto-al-castillo-posters\">Comprar el p\u00f3ster<\/a><\/li>\n<li><a href=\"https:\/\/paugamez.com\/asalto-al-castillo-fan-art\/2669\/\">Los personajes del c\u00f3mic, modelados en 3D (pr\u00f3ximamente m\u00e1s)<\/a><\/li>\n<li>Tambi\u00e9n est\u00e1 disponible el libro de bocetos en descarga gratuita:<\/li>\n<\/ul>\n<p><iframe loading=\"lazy\" src=\"https:\/\/itch.io\/embed\/2013758\" width=\"552\" height=\"167\" frameborder=\"0\"><a href=\"https:\/\/laurielleando.itch.io\/asalto-al-castillo-libro-de-bocetos\">Asalto al Castillo: Libro de bocetos by Laurielle<\/a><\/iframe><\/p>\n","protected":false},"excerpt":{"rendered":"<p>Un pr\u00edncipe demonio ha conquistado el castillo local. Eso es un im\u00e1n para aventureros, que buscan fama, fortuna&#8230; o, en el caso de Brutaka, la gnoma b\u00e1rbara, un libro para regalarle a su novia. Una aventura autoconclusiva donde seguiremos a un grupo de aventureros que intentan echarse una mano mutuamente con sus misiones: rescatar a &hellip; <\/p>\n<p class=\"link-more\"><a href=\"https:\/\/laurielle.net\/en\/asalto-al-castillo\/\" class=\"more-link\">Continue reading<span class=\"screen-reader-text\"> &#8220;Asalto al castillo&#8221;<\/span><\/a><\/p>\n","protected":false},"author":1,"featured_media":0,"parent":0,"menu_order":0,"comment_status":"closed","ping_status":"closed","template":"","meta":{"footnotes":""},"class_list":["post-2463","page","type-page","status-publish","hentry"],"translation":{"provider":"WPGlobus","version":"3.0.2","language":"en","enabled_languages":["es","en"],"languages":{"es":{"title":true,"content":true,"excerpt":false},"en":{"title":false,"content":false,"excerpt":false}}},"_links":{"self":[{"href":"https:\/\/laurielle.net\/en\/wp-json\/wp\/v2\/pages\/2463","targetHints":{"allow":["GET"]}}],"collection":[{"href":"https:\/\/laurielle.net\/en\/wp-json\/wp\/v2\/pages"}],"about":[{"href":"https:\/\/laurielle.net\/en\/wp-json\/wp\/v2\/types\/page"}],"author":[{"embeddable":true,"href":"https:\/\/laurielle.net\/en\/wp-json\/wp\/v2\/users\/1"}],"replies":[{"embeddable":true,"href":"https:\/\/laurielle.net\/en\/wp-json\/wp\/v2\/comments?post=2463"}],"version-history":[{"count":7,"href":"https:\/\/laurielle.net\/en\/wp-json\/wp\/v2\/pages\/2463\/revisions"}],"predecessor-version":[{"id":2942,"href":"https:\/\/laurielle.net\/en\/wp-json\/wp\/v2\/pages\/2463\/revisions\/2942"}],"wp:attachment":[{"href":"https:\/\/laurielle.net\/en\/wp-json\/wp\/v2\/media?parent=2463"}],"curies":[{"name":"wp","href":"https:\/\/api.w.org\/{rel}","templated":true}]}}