{"id":2399,"date":"2025-04-30T07:55:55","date_gmt":"2025-04-30T07:55:55","guid":{"rendered":"https:\/\/laurielle.net\/?page_id=2399"},"modified":"2026-03-23T17:41:54","modified_gmt":"2026-03-23T17:41:54","slug":"un-mes-en-villacolmillo","status":"publish","type":"page","link":"https:\/\/laurielle.net\/en\/un-mes-en-villacolmillo\/","title":{"rendered":"Un mes en Villacolmillo"},"content":{"rendered":"<h6><img loading=\"lazy\" decoding=\"async\" class=\" wp-image-2396 alignleft\" src=\"https:\/\/laurielle.net\/wp-content\/uploads\/2025\/04\/Portada_baja-711x1024.jpg\" alt=\"Portada del c\u00f3mic Un mes en Villacolmillo\" width=\"307\" height=\"442\" srcset=\"https:\/\/laurielle.net\/wp-content\/uploads\/2025\/04\/Portada_baja-711x1024.jpg 711w, https:\/\/laurielle.net\/wp-content\/uploads\/2025\/04\/Portada_baja-208x300.jpg 208w, https:\/\/laurielle.net\/wp-content\/uploads\/2025\/04\/Portada_baja-768x1106.jpg 768w, https:\/\/laurielle.net\/wp-content\/uploads\/2025\/04\/Portada_baja-1067x1536.jpg 1067w, https:\/\/laurielle.net\/wp-content\/uploads\/2025\/04\/Portada_baja.jpg 1389w\" sizes=\"auto, (max-width: 307px) 100vw, 307px\" \/><em>Una cartera novata llega a Villacolmillo del zarzal para sustituir una baja. Pero la cartera es humana, y Villacolmillo es un pueblo habitado exclusivamente por monstruos&#8230;<\/em><\/h6>\nDurante un mes viviremos con Gala la experiencia de devolver el servicio de Correos a un pueblecito del interior. Y tambi\u00e9n viviremos con los villacolmuenses de toda la vida la experiencia de que venga alguien completamente ajeno (y deliciosamente masticable) a trastornarte la rutina. Lo habitual en los pueblos, pero con colmillos, tent\u00e1culos y restos de ectoplasma.\n\nLas p\u00e1ginas de c\u00f3mic se intercalan con ilustraciones de los habitantes del pueblo, hechas a tinta y plumilla.\n\n#comic #cotidiano #fant\u00e1stico #humor #cuco\n<h2>Lee un trozo<\/h2>\n<div id='gallery-1' class='gallery galleryid-2399 gallery-columns-2 gallery-size-large'><figure class='gallery-item'>\n\t\t\t<div class='gallery-icon portrait'>\n\t\t\t\t<a href='https:\/\/laurielle.net\/wp-content\/uploads\/2025\/04\/Sample0000_alta.jpg'><img loading=\"lazy\" decoding=\"async\" width=\"525\" height=\"746\" src=\"https:\/\/laurielle.net\/wp-content\/uploads\/2025\/04\/Sample0000_alta-721x1024.jpg\" class=\"attachment-large size-large\" alt=\"Primera p\u00e1gina del c\u00f3mic Un mes en Villacolmillo que muestra a Gala arrastrando una maleta por una carretera en direcci\u00f3n al pueblo\" aria-describedby=\"gallery-1-2410\" srcset=\"https:\/\/laurielle.net\/wp-content\/uploads\/2025\/04\/Sample0000_alta-721x1024.jpg 721w, https:\/\/laurielle.net\/wp-content\/uploads\/2025\/04\/Sample0000_alta-211x300.jpg 211w, https:\/\/laurielle.net\/wp-content\/uploads\/2025\/04\/Sample0000_alta.jpg 734w\" sizes=\"auto, 100vw\" \/><\/a>\n\t\t\t<\/div>\n\t\t\t\t<figcaption class='wp-caption-text gallery-caption' id='gallery-1-2410'>\n\t\t\t\tUMV P\u00e1gina 1 \n\t\t\t\t<\/figcaption><\/figure><figure class='gallery-item'>\n\t\t\t<div class='gallery-icon portrait'>\n\t\t\t\t<a href='https:\/\/laurielle.net\/wp-content\/uploads\/2025\/04\/Sample0001_alta.jpg'><img loading=\"lazy\" decoding=\"async\" width=\"525\" height=\"746\" src=\"https:\/\/laurielle.net\/wp-content\/uploads\/2025\/04\/Sample0001_alta-721x1024.jpg\" class=\"attachment-large size-large\" alt=\"P\u00e1gina de c\u00f3mic en la que un autob\u00fas para junto a Gala y le pregunta qui\u00e9n es. Gala se presenta.\" aria-describedby=\"gallery-1-2411\" srcset=\"https:\/\/laurielle.net\/wp-content\/uploads\/2025\/04\/Sample0001_alta-721x1024.jpg 721w, https:\/\/laurielle.net\/wp-content\/uploads\/2025\/04\/Sample0001_alta-211x300.jpg 211w, https:\/\/laurielle.net\/wp-content\/uploads\/2025\/04\/Sample0001_alta.jpg 734w\" sizes=\"auto, 100vw\" \/><\/a>\n\t\t\t<\/div>\n\t\t\t\t<figcaption class='wp-caption-text gallery-caption' id='gallery-1-2411'>\n\t\t\t\tUMV P\u00e1gina 2\n\t\t\t\t<\/figcaption><\/figure><figure class='gallery-item'>\n\t\t\t<div class='gallery-icon portrait'>\n\t\t\t\t<a href='https:\/\/laurielle.net\/wp-content\/uploads\/2025\/04\/Sample0002_alta.jpg'><img loading=\"lazy\" decoding=\"async\" width=\"525\" height=\"746\" src=\"https:\/\/laurielle.net\/wp-content\/uploads\/2025\/04\/Sample0002_alta-721x1024.jpg\" class=\"attachment-large size-large\" alt=\"P\u00e1gina de c\u00f3mic en la que la autobusera est\u00e1 a punto de comerse a Gala pero ella explica con entusiasmo que es la cartera\" aria-describedby=\"gallery-1-2412\" srcset=\"https:\/\/laurielle.net\/wp-content\/uploads\/2025\/04\/Sample0002_alta-721x1024.jpg 721w, https:\/\/laurielle.net\/wp-content\/uploads\/2025\/04\/Sample0002_alta-211x300.jpg 211w, https:\/\/laurielle.net\/wp-content\/uploads\/2025\/04\/Sample0002_alta.jpg 734w\" sizes=\"auto, 100vw\" \/><\/a>\n\t\t\t<\/div>\n\t\t\t\t<figcaption class='wp-caption-text gallery-caption' id='gallery-1-2412'>\n\t\t\t\tUMV P\u00e1gina 3\n\t\t\t\t<\/figcaption><\/figure><figure class='gallery-item'>\n\t\t\t<div class='gallery-icon portrait'>\n\t\t\t\t<a href='https:\/\/laurielle.net\/wp-content\/uploads\/2025\/04\/Sample0003_alta.jpg'><img loading=\"lazy\" decoding=\"async\" width=\"525\" height=\"746\" src=\"https:\/\/laurielle.net\/wp-content\/uploads\/2025\/04\/Sample0003_alta-721x1024.jpg\" class=\"attachment-large size-large\" alt=\"P\u00e1gina de c\u00f3mic en la que Gala va en el bus y la autobusera le pregunta si es humana y le explica que el pueblo son todo monstruos\" aria-describedby=\"gallery-1-2413\" srcset=\"https:\/\/laurielle.net\/wp-content\/uploads\/2025\/04\/Sample0003_alta-721x1024.jpg 721w, https:\/\/laurielle.net\/wp-content\/uploads\/2025\/04\/Sample0003_alta-211x300.jpg 211w, https:\/\/laurielle.net\/wp-content\/uploads\/2025\/04\/Sample0003_alta.jpg 734w\" sizes=\"auto, 100vw\" \/><\/a>\n\t\t\t<\/div>\n\t\t\t\t<figcaption class='wp-caption-text gallery-caption' id='gallery-1-2413'>\n\t\t\t\tUMV P\u00e1gina 4\n\t\t\t\t<\/figcaption><\/figure>\n\t\t<\/div>\n\n<h2>Premios y nominaciones<\/h2>\n<ul>\n \t<li><strong>Nominado al Premio Ignotus 2025 a mejor tebeo nacional<\/strong><\/li>\n<\/ul>\n<h2>D\u00f3nde conseguirlo<\/h2>\n<ul>\n \t<li><a href=\"https:\/\/laurielleando.itch.io\/\">Disponible en ebook en itchio<\/a><\/li>\n \t<li><a href=\"https:\/\/laurielle.bigcartel.com\/\">Disponible en f\u00edsico en la tienda de Laurielle<\/a><\/li>\n \t<li><a href=\"https:\/\/pegasodistribucion.com\/catalogo\/index.php?seccion=publicacion&amp;id=90\">Distribuido a librer\u00edas por Pegaso Distribuci\u00f3n (ver librer\u00edas)<\/a><\/li>\n<\/ul>\n<h2>Ficha t\u00e9cnica<\/h2>\n\n<figure class=\"wp-block-table\">\n<table class=\"has-fixed-layout\">\n<tbody>\n<tr>\n<td><strong>Autora, editora y maquetadora: Laurielle\n<\/strong>Revisores: A. Bastida, E. Selten, D. Ruiz, P. Doporto Gasull, S. H. Randt, S. S. Mor\u00e1n\n<span style=\"font-size: revert; font-family: inherit; font-weight: inherit;\">Consultor\u00eda en el dise\u00f1o de t\u00edtulo: R. Solas\n<\/span><a href=\"https:\/\/www.verkami.com\/projects\/37906-un-mes-en-villacolmillo\/\"><img loading=\"lazy\" decoding=\"async\" class=\"aligncenter wp-image-2418\" src=\"https:\/\/laurielle.net\/wp-content\/uploads\/2025\/04\/ESPANOL_crowdfundeado_verkami-BN-Positivo.jpg\" alt=\"Sello que indica que el proyecto fue posible gracias a una campa\u00f1a de Verkami\" width=\"111\" height=\"96\" srcset=\"https:\/\/laurielle.net\/wp-content\/uploads\/2025\/04\/ESPANOL_crowdfundeado_verkami-BN-Positivo.jpg 400w, https:\/\/laurielle.net\/wp-content\/uploads\/2025\/04\/ESPANOL_crowdfundeado_verkami-BN-Positivo-300x260.jpg 300w\" sizes=\"auto, (max-width: 111px) 100vw, 111px\" \/><\/a><\/td>\n<td>Edici\u00f3n: r\u00fastica con solapas\nISBN: 978-84-09-66829-8\nPVP: 4-12\u20ac\nFecha de publicaci\u00f3n: 5\/12\/2024\nN\u00famero de p\u00e1ginas: 84\nDimensiones: 150x210cm\nPeso: 300grs<\/td>\n<\/tr>\n<\/tbody>\n<\/table>\n<\/figure>\n\n<h2>Contenido extra<\/h2>\n<ul>\n \t<li><a href=\"https:\/\/laurielle.net\/category\/comics\/un-mes-en-villacolmillo\/\">Posts sobre este c\u00f3mic en mi blog<\/a><\/li>\n \t<li><a href=\"https:\/\/laurielle.net\/2024\/09\/02\/carteros-villacolmillo\/\">Carteros de Villacolmillo<\/a>, el juego de mesa para 2-4 jugadores<\/li>\n \t<li>Tambi\u00e9n est\u00e1 disponible el libro de bocetos en descarga gratuita:<\/li>\n<\/ul>\n<iframe loading=\"lazy\" src=\"https:\/\/itch.io\/embed\/3496948\" width=\"552\" height=\"167\" frameborder=\"0\"><a href=\"https:\/\/laurielleando.itch.io\/villacolmillo-libro-de-bocetos\">Villacolmillo: libro de bocetos by Laurielle<\/a><\/iframe>","protected":false},"excerpt":{"rendered":"<p>Una cartera novata llega a Villacolmillo del zarzal para sustituir una baja. Pero la cartera es humana, y Villacolmillo es un pueblo habitado exclusivamente por monstruos&#8230; Durante un mes viviremos con Gala la experiencia de devolver el servicio de Correos a un pueblecito del interior. Y tambi\u00e9n viviremos con los villacolmuenses de toda la vida &hellip; <\/p>\n<p class=\"link-more\"><a href=\"https:\/\/laurielle.net\/en\/un-mes-en-villacolmillo\/\" class=\"more-link\">Continue reading<span class=\"screen-reader-text\"> &#8220;Un mes en Villacolmillo&#8221;<\/span><\/a><\/p>\n","protected":false},"author":1,"featured_media":0,"parent":0,"menu_order":0,"comment_status":"closed","ping_status":"closed","template":"","meta":{"footnotes":""},"class_list":["post-2399","page","type-page","status-publish","hentry"],"translation":{"provider":"WPGlobus","version":"3.0.2","language":"en","enabled_languages":["es","en"],"languages":{"es":{"title":true,"content":true,"excerpt":false},"en":{"title":false,"content":false,"excerpt":false}}},"_links":{"self":[{"href":"https:\/\/laurielle.net\/en\/wp-json\/wp\/v2\/pages\/2399","targetHints":{"allow":["GET"]}}],"collection":[{"href":"https:\/\/laurielle.net\/en\/wp-json\/wp\/v2\/pages"}],"about":[{"href":"https:\/\/laurielle.net\/en\/wp-json\/wp\/v2\/types\/page"}],"author":[{"embeddable":true,"href":"https:\/\/laurielle.net\/en\/wp-json\/wp\/v2\/users\/1"}],"replies":[{"embeddable":true,"href":"https:\/\/laurielle.net\/en\/wp-json\/wp\/v2\/comments?post=2399"}],"version-history":[{"count":27,"href":"https:\/\/laurielle.net\/en\/wp-json\/wp\/v2\/pages\/2399\/revisions"}],"predecessor-version":[{"id":2948,"href":"https:\/\/laurielle.net\/en\/wp-json\/wp\/v2\/pages\/2399\/revisions\/2948"}],"wp:attachment":[{"href":"https:\/\/laurielle.net\/en\/wp-json\/wp\/v2\/media?parent=2399"}],"curies":[{"name":"wp","href":"https:\/\/api.w.org\/{rel}","templated":true}]}}