{"id":11,"date":"2017-02-08T21:03:11","date_gmt":"2017-02-08T21:03:11","guid":{"rendered":"http:\/\/sahoniqe.dns-privadas.es\/lau\/?page_id=11"},"modified":"2026-03-10T12:03:21","modified_gmt":"2026-03-10T12:03:21","slug":"publicaciones","status":"publish","type":"page","link":"https:\/\/laurielle.net\/en\/publicaciones\/","title":{"rendered":"Published comics"},"content":{"rendered":"<table class=\"wp-block-table\">\r\n<tbody>\r\n<tr>\r\n<td>\r\n<figure><img decoding=\"async\" class=\"aligncenter\" src=\"https:\/\/laurielle.net\/wp-content\/uploads\/2021\/11\/Nada-del-otro-mundo-PortadaBAJA.jpg\" alt=\"Nada del Otro Mundo\" \/><\/figure>\r\n<\/td>\r\n<td>\r\n<p><strong><em>Nada del Otro Mundo<\/em><\/strong><\/p>\r\n<p><em>This is a story of a girl with bad luck. Also, the story of a guy that dies and encounters his ex. And, in general, a story of undead that love each other.<\/em><\/p>\r\n<p><a href=\"https:\/\/fandogamia.com\/\">Ediciones Fandogamia (2021)<\/a><\/p>\r\n<\/td>\r\n<\/tr>\r\n<tr>\r\n<td>\r\n<figure><img decoding=\"async\" class=\"aligncenter\" src=\"https:\/\/laurielle.net\/wp-content\/uploads\/2021\/05\/Portada_ok-2.jpg\" alt=\"La Mala del Cuento\" \/><\/figure>\r\n<\/td>\r\n<td>\r\n<p><strong><em>La mala del cuento<\/em><\/strong><\/p>\r\n<p><em>Tale villains are subpoenaed before the jury to see how guilty they really are.<\/em><\/p>\r\n<p><a href=\"https:\/\/laurielle.bigcartel.com\/\">Self-published via Verkami (2021)<\/a><\/p>\r\n<\/td>\r\n<\/tr>\r\n<tr>\r\n<td>\r\n<figure><img decoding=\"async\" class=\"aligncenter\" src=\"https:\/\/laurielle.net\/wp-content\/uploads\/2020\/07\/Portada_1-1024x1024.jpg\" alt=\"Diario de Estar por Casa\" \/><\/figure>\r\n<\/td>\r\n<td>\r\n<p><strong><em>Diario de Estar por Casa\u00a0<\/em><\/strong><\/p>\r\n<p><em>The exciting adventures of an artist confined at home<\/em><\/p>\r\n<p><a href=\"https:\/\/laurielle.bigcartel.com\/\">Self-published (2020)<\/a><\/p>\r\n<\/td>\r\n<\/tr>\r\n<tr>\r\n<td>\r\n<figure><img decoding=\"async\" class=\"aligncenter\" src=\"https:\/\/laurielle.net\/wp-content\/uploads\/2020\/06\/Portada_Descanso-Corto-baja-704x1024.jpg\" alt=\"Descanso Corto\" \/><\/figure>\r\n<\/td>\r\n<td>\r\n<p><strong><em>Descanso Corto <\/em><\/strong><em>(Artbook)<\/em><\/p>\r\n<p><em>When they are not saving the world, what do rol adventurers do with their free time?<\/em><\/p>\r\n<p><a href=\"https:\/\/laurielle.bigcartel.com\/\">Self-published via Verkami (2020)<\/a><\/p>\r\n<p><strong>Ignotus 2021 award, Comic category<\/strong><\/p>\r\n<\/td>\r\n<\/tr>\r\n<tr>\r\n<td>\r\n<figure><img decoding=\"async\" class=\"aligncenter\" src=\"https:\/\/laurielle.net\/wp-content\/uploads\/2017\/02\/Portada_v1_RGB-e1549788902630.jpg\" alt=\"Inkteaber\" \/><\/figure>\r\n<\/td>\r\n<td>\r\n<p><em><strong>Inkteaber<\/strong> (Artbook)<\/em><\/p>\r\n<p><em>An introduction guide to tea: 32 varieties explained with 32 girls chilling out.<\/em><\/p>\r\n<p><a href=\"https:\/\/laurielle.bigcartel.com\/\">Self-published via Verkami (2019)<\/a><\/p>\r\n<\/td>\r\n<\/tr>\r\n<tr>\r\n<td>\r\n<figure><img decoding=\"async\" class=\"aligncenter\" src=\"https:\/\/laurielle.net\/wp-content\/uploads\/2017\/02\/PSJ-211x300.jpg\" alt=\"Por Siempre Jam\u00e1s\" \/><\/figure>\r\n<\/td>\r\n<td>\r\n<p><em><strong>Por Siempre Jam\u00e1s<\/strong><\/em><\/p>\r\n<p><em>The characters of Maite&#8217;s novel drag her inside her book to finally write them an ending. <\/em><\/p>\r\n<p><a href=\"https:\/\/tienda.edicionesbabylon.es\/es\/comics\/5713-por-siempre-jamas-8434273019742.html\">Ediciones Babylon (2017) <\/a><\/p>\r\n<p><strong>Best manga by a Spanish author Award (H\u00e9roes Manga, 2017)<\/strong><\/p>\r\n<\/td>\r\n<\/tr>\r\n<\/tbody>\r\n<\/table>\r\n\r\n<table class=\"wp-block-table\">\r\n<tbody>\r\n<tr>\r\n<td>\r\n<figure><img decoding=\"async\" class=\"aligncenter\" src=\"https:\/\/laurielle.net\/wp-content\/uploads\/2017\/02\/Portada_Baja-206x300.jpg\" alt=\"El Elfo Inhumano\" \/><\/figure>\r\n<\/td>\r\n<td>\r\n<p><em><strong>El Elfo Inhumano<\/strong><\/em> (El Vosque #8; Naturales #1)<\/p>\r\n<p><em>Seeking vengeance, Adan starts his life as a monk. Adan is not exactly the sharpest knife in the drawer. <\/em><\/p>\r\n<p><a href=\"http:\/\/elvosque.es\/shop\/\">Script by Sergio S\u00e1nchez Mor\u00e1n. Self-published (2018)<\/a><\/p>\r\n<\/td>\r\n<\/tr>\r\n<tr>\r\n<td>\r\n<figure><img decoding=\"async\" class=\"aligncenter\" src=\"https:\/\/laurielle.net\/wp-content\/uploads\/2017\/02\/Portada_Gigamesh_Baja-200x300.jpg\" alt=\"El Vosque: Omnibus\" \/><\/figure>\r\n<\/td>\r\n<td>\r\n<p><em><strong>El Vosque: Omnibus<\/strong><\/em><\/p>\r\n<p><em>Omnibus of El asesino de \u00e1rboles, the first six volumes of El Vosque.<\/em><\/p>\r\n<p><a href=\"http:\/\/www.gigamesh.com\/libro\/79\/el-vosque\">Ediciones Gigamesh. Script by Sergio S\u00e1nchez Mor\u00e1n (2018)<\/a><\/p>\r\n<\/td>\r\n<\/tr>\r\n<tr>\r\n<td>\r\n<figure><img decoding=\"async\" class=\"aligncenter\" src=\"https:\/\/laurielle.net\/wp-content\/uploads\/2017\/02\/maderos-211x300.jpg\" alt=\"Arded Maderos Arded\" \/><\/figure>\r\n<\/td>\r\n<td>\r\n<p><em><strong>Arded, maderos, arded<\/strong><\/em> (El Vosque #7; Maderos #1)<\/p>\r\n<p><em>A fire fairy has a double life as the boss of a quite diverse police station. <\/em><\/p>\r\n<p><a href=\"http:\/\/elvosque.es\/shop\/\">Script by Sergio S\u00e1nchez Mor\u00e1n. Self-published (2016)<\/a><\/p>\r\n<\/td>\r\n<\/tr>\r\n<tr>\r\n<td>\r\n<figure><img decoding=\"async\" class=\"aligncenter\" src=\"https:\/\/laurielle.net\/wp-content\/uploads\/2017\/02\/elvosque-6-211x300.jpg\" alt=\"C\u00f3mic El Vosque 6\" \/><\/figure>\r\n<\/td>\r\n<td>\r\n<p><em><strong>Baile sin m\u00e1scaras<\/strong><\/em> (El Vosque #6)<\/p>\r\n<p><em>After the Other Army invasion, everybody is preparing for the King&#8217;s party&#8230; but the murdered is still on the loose.<\/em><\/p>\r\n<p><a href=\"http:\/\/elvosque.es\/shop\/\">Script by Sergio S\u00e1nchez Mor\u00e1n. Self-published (2015)<\/a><\/p>\r\n<\/td>\r\n<\/tr>\r\n<tr>\r\n<td>\r\n<figure><img decoding=\"async\" class=\"aligncenter\" src=\"https:\/\/laurielle.net\/wp-content\/uploads\/2017\/02\/elvosque-5-211x300.jpg\" alt=\"C\u00f3mic El Vosque 5\" \/><\/figure>\r\n<\/td>\r\n<td>\r\n<p><em><strong>El Otro Ej\u00e9rcito<\/strong><\/em> (El Vosque #5)<\/p>\r\n<p><em>The Other Kingdom troopes have arrived to the frontier of El Vosque and they are not exactly there for a picnic.<\/em><\/p>\r\n<p><a href=\"http:\/\/elvosque.es\/shop\/\">Script by Sergio S\u00e1nchez Mor\u00e1n. Self-published (2014)<\/a><\/p>\r\n<\/td>\r\n<\/tr>\r\n<tr>\r\n<td>\r\n<figure><img decoding=\"async\" class=\"aligncenter\" src=\"https:\/\/laurielle.net\/wp-content\/uploads\/2017\/02\/elvosque-4-211x300.jpg\" alt=\"C\u00f3mic El Vosque 4\" \/><\/figure>\r\n<\/td>\r\n<td>\r\n<p><em><strong>Naturaleza Salvaje<\/strong><\/em> (El Vosque #4)<\/p>\r\n<p><em>Among deaths and dissapearances, El Vosque is becoming more dangerous. And the siege hasn&#8217;t started yet.<\/em><\/p>\r\n<p><a href=\"http:\/\/elvosque.es\/shop\/\">Script by Sergio S\u00e1nchez Mor\u00e1n. Self-published (2014)<\/a><\/p>\r\n<\/td>\r\n<\/tr>\r\n<tr>\r\n<td>\r\n<figure><img decoding=\"async\" class=\"aligncenter\" src=\"https:\/\/laurielle.net\/wp-content\/uploads\/2017\/02\/elvosque-3-211x300.jpg\" alt=\"C\u00f3mic El Vosque 3\" \/><\/figure>\r\n<\/td>\r\n<td>\r\n<p><em><strong>\u00a1Vooom!<\/strong><\/em> (El Vosque #3)<\/p>\r\n<p><em>Murder investigations get more difficult when everything is exploding around.<\/em><\/p>\r\n<p><a href=\"http:\/\/elvosque.es\/shop\/\">Script by Sergio S\u00e1nchez Mor\u00e1n. Self-published (2013)<\/a><\/p>\r\n<\/td>\r\n<\/tr>\r\n<tr>\r\n<td>\r\n<figure><img decoding=\"async\" class=\"aligncenter\" src=\"https:\/\/laurielle.net\/wp-content\/uploads\/2017\/02\/elvosque-2-211x300.jpg\" alt=\"C\u00f3mic El Vosque 2\" \/><\/figure>\r\n<\/td>\r\n<td>\r\n<p><em><strong>Cabezas visibles<\/strong><\/em> (El Vosque #2)<\/p>\r\n<p><em>The other kings in El Vosque are in danger: the case of the murder of the Old Elm ramifies (ha).<\/em><\/p>\r\n<p><a href=\"http:\/\/elvosque.es\/shop\/\">Script by Sergio S\u00e1nchez Mor\u00e1n. Self-published (2012)<\/a><\/p>\r\n<\/td>\r\n<\/tr>\r\n<tr>\r\n<td>\r\n<figure><img decoding=\"async\" class=\"aligncenter\" src=\"https:\/\/laurielle.net\/wp-content\/uploads\/2017\/02\/elvosque-1-211x300.jpg\" alt=\"C\u00f3mic El Vosque 1\" \/><\/figure>\r\n<\/td>\r\n<td>\r\n<p><em><strong>El asesino de \u00e1rboles<\/strong><\/em> (El Vosque #1)<\/p>\r\n<p><em>An alchemist and a fairy allergic to pollen investigate the misterious murder of the Old Elm.<\/em><\/p>\r\n<p><a href=\"http:\/\/elvosque.es\/shop\/\">Script by Sergio S\u00e1nchez Mor\u00e1n. Self-published (2012)<\/a><\/p>\r\n<p><strong>Best Webc\u00f3mic award (Expocomic, 2011)<\/strong><\/p>\r\n<\/td>\r\n<\/tr>\r\n<\/tbody>\r\n<\/table>\r\n<h1>Other published works<\/h1>\r\n<p><!-- \/wp:post-content --><\/p>\r\n<p><!-- wp:heading {\"level\":3} --><\/p>\r\n<h3>Minicomics<\/h3>\r\n<p><!-- \/wp:heading --><\/p>\r\n<p><!-- wp:list --><\/p>\r\n<ul>\r\n<li><a href=\"https:\/\/lektu.com\/l\/el-vosque\/como-hacer-el-mal-bien\/12027\"><em>C\u00f3mo hacer El Mal (bien)<\/em> <\/a>(Self-published, 2019) <em>&#8211; Script by\u00a0Sergio S\u00e1nchez Mor\u00e1n<\/em><\/li>\r\n<li>Hacer t\u00e9, c\u00f3mo y por qu\u00e9 (Self-published via Verkami, 2019)<\/li>\r\n<li><a href=\"https:\/\/lektu.com\/l\/el-vosque\/el-palo\/11094\"><em>El Palo<\/em><\/a><em>\u00a0(Self-published, 2018) &#8211; Script by\u00a0Sergio S\u00e1nchez Mor\u00e1n<\/em><\/li>\r\n<li><em><a href=\"https:\/\/lektu.com\/l\/el-vosque\/la-abominable-hada-de-las-nieves\/9096\">La abominable hada de las nieves<\/a> (Self-published, 2018) &#8211; Script by\u00a0Sergio S\u00e1nchez Mor\u00e1n<\/em><\/li>\r\n<li><a href=\"https:\/\/lektu.com\/l\/el-vosque\/una-de-piratas\/7767\"><em>Una de piratas<\/em><\/a> (Self-published, 2017) &#8211; Script by\u00a0Sergio S\u00e1nchez Mor\u00e1n<\/li>\r\n<li><a href=\"https:\/\/lektu.com\/l\/el-vosque\/como-visitar-el-vosque-y-morir-en-el-intento\/7136\"><em>C\u00f3mo visitar El Vosque y morir en el intento<\/em><\/a> (Self-published, 2017) &#8211; Script by\u00a0Sergio S\u00e1nchez Mor\u00e1n<\/li>\r\n<li><a href=\"https:\/\/lektu.com\/l\/el-vosque\/csi-el-vosque\/5631\"><em>CSI: El Vosque<\/em><\/a> (Self-published, 2016) &#8211; Script by\u00a0Sergio S\u00e1nchez Mor\u00e1n<\/li>\r\n<li><em>Calderilla y Quent contra los vampiros<\/em> (Self-published, 2013) &#8211; Script by\u00a0Sergio S\u00e1nchez Mor\u00e1n<\/li>\r\n<\/ul>\r\n<p><!-- \/wp:list --><\/p>\r\n<p><!-- wp:heading {\"level\":3} --><\/p>\r\n<h3>Short stories collections<\/h3>\r\n<p><!-- \/wp:heading --><\/p>\r\n<p><!-- wp:list --><\/p>\r\n<ul>\r\n<li>T\u00e9 con cerveza 2019 (Self-published, 2019) &#8211; Script by Sergio S\u00e1nchez Mor\u00e1n<\/li>\r\n<li><a href=\"https:\/\/lektu.com\/l\/el-vosque\/te-con-cerveza-2\/8971\"><em>T\u00e9 con cerveza 2<\/em><\/a> (Self-published, 2018) &#8211; Script by\u00a0Sergio S\u00e1nchez Mor\u00e1n<\/li>\r\n<li><em><a href=\"https:\/\/lektu.com\/l\/el-vosque\/te-con-cerveza\/7210\">T\u00e9 con cerveza<\/a><\/em> (Self-published, 2017) &#8211; Script by\u00a0Sergio S\u00e1nchez Mor\u00e1n<\/li>\r\n<\/ul>\r\n<p><!-- \/wp:list --><\/p>\r\n<p><!-- wp:heading {\"level\":1} --><\/p>\r\n<h1>Collaborations<\/h1>\r\n<p><!-- \/wp:heading --><\/p>\r\n<p><!-- wp:paragraph --><\/p>\r\n<ul>\r\n<li><em>De vuelta al lago<\/em> (short story, 2017), Fanzine <em>Lily &amp; Rose 2<\/em><\/li>\r\n<li><em>Antes de la aventura<\/em> (short story, 2017), Fanzine <em>Weezine X<\/em><\/li>\r\n<\/ul>\r\n<p><!-- \/wp:paragraph --><\/p>\r\n<p><!-- wp:paragraph --><\/p>","protected":false},"excerpt":{"rendered":"<p>Nada del Otro Mundo This is a story of a girl with bad luck. Also, the story of a guy that dies and encounters his ex. And, in general, a story of undead that love each other. Ediciones Fandogamia (2021) La mala del cuento Tale villains are subpoenaed before the jury to see how guilty &hellip; <\/p>\n<p class=\"link-more\"><a href=\"https:\/\/laurielle.net\/en\/publicaciones\/\" class=\"more-link\">Continue reading<span class=\"screen-reader-text\"> &#8220;Published comics&#8221;<\/span><\/a><\/p>\n","protected":false},"author":1,"featured_media":0,"parent":0,"menu_order":0,"comment_status":"closed","ping_status":"closed","template":"","meta":{"footnotes":""},"class_list":["post-11","page","type-page","status-publish","hentry"],"translation":{"provider":"WPGlobus","version":"3.0.2","language":"en","enabled_languages":["es","en"],"languages":{"es":{"title":true,"content":true,"excerpt":false},"en":{"title":true,"content":true,"excerpt":false}}},"_links":{"self":[{"href":"https:\/\/laurielle.net\/en\/wp-json\/wp\/v2\/pages\/11","targetHints":{"allow":["GET"]}}],"collection":[{"href":"https:\/\/laurielle.net\/en\/wp-json\/wp\/v2\/pages"}],"about":[{"href":"https:\/\/laurielle.net\/en\/wp-json\/wp\/v2\/types\/page"}],"author":[{"embeddable":true,"href":"https:\/\/laurielle.net\/en\/wp-json\/wp\/v2\/users\/1"}],"replies":[{"embeddable":true,"href":"https:\/\/laurielle.net\/en\/wp-json\/wp\/v2\/comments?post=11"}],"version-history":[{"count":92,"href":"https:\/\/laurielle.net\/en\/wp-json\/wp\/v2\/pages\/11\/revisions"}],"predecessor-version":[{"id":2918,"href":"https:\/\/laurielle.net\/en\/wp-json\/wp\/v2\/pages\/11\/revisions\/2918"}],"wp:attachment":[{"href":"https:\/\/laurielle.net\/en\/wp-json\/wp\/v2\/media?parent=11"}],"curies":[{"name":"wp","href":"https:\/\/api.w.org\/{rel}","templated":true}]}}